{"id":1350,"date":"2026-04-10T14:43:13","date_gmt":"2026-04-10T12:43:13","guid":{"rendered":"https:\/\/www.park-indigo.be\/?page_id=1350"},"modified":"2026-04-10T14:53:30","modified_gmt":"2026-04-10T12:53:30","slug":"avv","status":"publish","type":"page","link":"https:\/\/www.park-indigo.be\/nl\/avv\/","title":{"rendered":"Verkoopsvoorwaarden"},"content":{"rendered":"\r\n<section class=\"gut-block gut-hero-simple type-classique\" >\r\n\t<div class=\"bg\">\r\n\t\t<div class=\"wrap\"><\/div>\r\n\t<\/div>\r\n\r\n\t<div class=\"wrap\">\r\n\t\t\r\n\t\t\t\t\t<div class=\"grid-container\">\r\n\t\t\t\t<div class=\"grid-el-tb-12\">\r\n\t\t\t\t\t<nav class=\"breadcrumb\" role=\"navigation\" aria-label=\"Fil d\u2019Arianne :\">\r\n\t<ul class=\"breadcrumb-list\">\r\n\t\t<li class=\"breadcrumb-item\">\r\n\t\t\t<a href=\"https:\/\/www.park-indigo.be\/nl\/\">Startpagina<\/a>\r\n\t\t<\/li>\r\n\r\n\t\t\t\t\t\t\r\n\t\t\t\t<li class=\"breadcrumb-item\" aria-current=\"page\">\r\n\t\t\t\t\tVerkoopsvoorwaarden\t\t\t\t<\/li>\r\n\t\t\t\t\t\t<\/ul>\r\n<\/nav>\t\t\t\t<\/div>\r\n\r\n\t\t\t\t<div class=\"content-part grid-container\">\r\n\t\t\t\t\t<div class=\"grid-el-tb-6\">\r\n\t\t\t\t\t\t\r\n\t\t\t\t\t\t\t\t\t\t\t\t\t<h1 class=\"block-title titre-h2\">ALGEMENE VERKOOPSVOORWAARDEN<\/h1>\r\n\t\t\t\t\t\t\t\t\t\t\t<\/div>\r\n\r\n\t\t\t\t\t<div class=\"textes grid-el-tb-5 grid-el-md-4\">\r\n\t\t\t\t\t\t\r\n\t\t\t\t\t\t\r\n\t\t\t\t\t\t\t\t\t\t\t<\/div>\r\n\t\t\t\t<\/div>\r\n\t\t\t<\/div>\r\n\t\t\t<\/div>\r\n<\/section>\r\n\n\n<section class=\"gut-block gut-texte bg-color-blanc\" >\n\t<div class=\"wrap\">\n\t\t<div class=\"texte wysiwyg-content\">\n\t\t\t<p style=\"text-align: right\"><em>Versie van 08\/01\/2026<\/em><\/p>\n<p>Deze algemene verkoopvoorwaarden (hierna &#8220;AVV&#8221;) zijn van toepassing op diensten en\/of producten die door Indigo Group wordt aangeboden via vennootschappen vermeld in art. 1 van de AVV.<\/p>\n<h4><strong>Artikel 1 \u2013 Definities<\/strong><\/h4>\n<p>Termen die in de AVV met hoofdletter beginnen, hebben de betekenis die in hun context wordt gegeven of zoals hieronder gedefinieerd, ongeacht in enkelvoud of meervoud.<\/p>\n<p><strong>\u201cVerkoper\u201d<\/strong>: afhankelijk van de producten en\/of diensten die geleverd worden, kan \u00e9\u00e9n van de onderstaande vennootschappen van de Indigo groep optreden als Verkoper:<\/p>\n<ul>\n<li>Indigo Infra Belgium NV \u2013 9051 Sint-Denijs-Westrem &#8211; Bijenstraat 21 \u2013 BE 0440.502.536<\/li>\n<li>Indigo Park Belgium NV \u2013 9051 Sint-Denijs-Westrem &#8211; Bijenstraat 21 \u2013 BE 0449.598.562<\/li>\n<li>Soci\u00e9t\u00e9 immobili\u00e8re des parking Erasmes SA \u2013 1000 Bruxelles &#8211; Rue Royale 128 \u2013 BE 0449.473.254<\/li>\n<li>Turnhout Parking NV \u2013 9051 Sint-Denijs-Westrem &#8211; Bijenstraat 21 \u2013 BE 0818.821.045<\/li>\n<li>Parkeerbeheer Lier NV \u2013 2500 Lier &#8211; Keizershof 10 \u2013 BE 0466.031.748<\/li>\n<li>Parking 4040 SA \u2013 4040 Herstal &#8211; Rue des Mineurs 39-41 \u2013 BE 0538.929.327<\/li>\n<li>ParcBrux BV \u2013 9051 Sint-Denijs-Westrem &#8211; Bijenstraat 21 \u2013 BE 0717.705.869<\/li>\n<li>Indigo Spaces Belgium BV \u2013 9051 Sint-Denijs-Westrem &#8211; Bijenstraat 21 \u2013 BE 0644.752.268<\/li>\n<li>Indigo Events Belgium BV \u2013 9051 Sint-Denijs-Westrem &#8211; Bijenstraat 21 \u2013 BE 1020.711.501<\/li>\n<li>Minckelers Parking NV \u2013 9051 Sint-Denijs-Westrem &#8211; Bijenstraat 21 \u2013 BE 0467.048.367<\/li>\n<li>Parking Inno NV \u2013 2550 Kontich &#8211; Prins Boudewijnlaan 5 bus 10 \u2013 BE 0412.952.259<\/li>\n<li>Parking Nova NV \u2013 2950 Kapellen &#8211; Korte Spelierlaan 9 \u2013 BE 0413.319.077<\/li>\n<\/ul>\n<p><strong>\u201cKlant\u201d<\/strong>: natuurlijke of rechtspersoon met wie Verkoper een Overeenkomst sluit, dan wel onderhandelt over de totstandkoming daarvan, of aan wie Verkoper een aanbieding doet.<\/p>\n<p><strong>\u201cParking&#8221;<\/strong>: een in Belgi\u00eb gesitueerde parking die door Verkoper wordt uitgebaat.<\/p>\n<p><strong>\u201cBestelling&#8221;<\/strong>: bevestiging van Klant tot het sluiten van een Overeenkomst met Verkoper.<\/p>\n<p><strong>\u201cOvereenkomst\u201d<\/strong>: elke overeenkomst tussen Verkoper en Klant waarbij Verkoper optreedt als verkoper of dienstverlener. De uitvoeringsmodaliteiten van door Verkoper aangeboden producten en\/of diensten worden beheerst door (i) de AVV en (ii) bijzondere voorwaarden van een Overeenkomst, en eventueel (iii) intern reglement van een Parking. Het geheel van die contractuele bepalingen, vormt de Overeenkomst. In geval van tegenstrijdigheden tussen de bijzondere voorwaarden van een Overeenkomst en de AVV of het intern reglement van een Parking hebben de bijzondere voorwaarden van de Overeenkomst voorrang. In geval van tegenstrijdigheden tussen de AVV en intern reglement van een Parking heeft het laatste voorrang.<\/p>\n<p><strong>\u201cWebsite\u201d<\/strong>: door Verkoper beheerde online omgeving, toegankelijk via domeinnaam, waarop informatie, functionaliteiten en\/of diensten worden aangeboden zoals omschreven in de Overeenkomst.<\/p>\n<p><strong>\u201cApplicatie\u201d<\/strong>: elke softwaretoepassing, incl. bijbehorende modules\/updates\/documenten, die door Verkoper wordt aangeboden om functionaliteiten te vervullen zoals omschreven in de Overeenkomst.<\/p>\n<h4><strong>Artikel 2 \u2013 Algemeen &#8211; Juridisch kader<\/strong><\/h4>\n<p>De AVV zijn van toepassing op elke Overeenkomst, met uitsluiting van algemene voorwaarden van Klant. De Klant erkent de AVV gelezen te hebben en integraal goed te keuren. Afwijkingen van de AVV zijn slechts geldig indien schriftelijk overeengekomen tussen Verkoper en Klant.<\/p>\n<h4><strong>Artikel 3 \u2013 Prijs &#8211; Financi\u00eble voorwaarden &#8211; Indexering &#8211; Facturen &#8211; Betaling<\/strong><\/h4>\n<p>3.1. Een offerte van Verkoper is vrijblijvend en geldig zoals in offerte opgegeven. Tarieven zijn uitgedrukt in EUR en excl. BTW. De Overeenkomst komt tot stand door schriftelijke aanvaarding van offerte door Klant.<\/p>\n<p>3.2. Verkoper is bevoegd om belastingen, heffingen of andere lasten &#8211; ingevoerd of verhoogd na totstandkoming van de Overeenkomst &#8211; aan Klant door te rekenen.<\/p>\n<p>3.3. De prijs van producten en\/of diensten is steeds gekoppeld aan indexering, eventueel zoals specifiek bepaald in de Overeenkomst. De aanpassing gebeurt automatisch zonder dat Verkoper de Klant moet informeren, tenzij anders bepaald.<\/p>\n<p>3.4. De Verkoper behoudt zich het recht voor de prijs van de producten en\/of diensten te allen tijde te wijzigen waarbij de Klant schriftelijk zal worden verwittigd. Na ontvangst van deze kennisgeving heeft de Klant gedurende \u00e9\u00e9n maand het recht om de Overeenkomst zonder verdere kosten te be\u00ebindigen.<\/p>\n<p>3.5. Facturen van Verkoper zijn betaalbaar zoals bepaald in de Overeenkomst, zo niet binnen 10 dagen na factuurdatum of \u2013 ingeval de Klant een overheidsinstantie betreft \u2013 30 dagen na factuurdatum.<\/p>\n<p>3.6. De betaling dient te gebeuren zonder aftrek van enige korting en zonder verrekening of opschorting.<\/p>\n<p>3.7. Gehele of gedeeltelijke wanbetaling op de vervaldag:<\/p>\n<p>3.7.1. Bij gehele of gedeeltelijke wanbetaling op de vervaldag wordt \u2013 indien de Klant een onderneming (B2B) is in de zin van art. I.1.1\u00b0 van het Wetboek van Economisch recht \u2013 het openstaand bedrag automatisch en zonder voorafgaande ingebrekestelling verhoogd met een intrest overeenkomstig art. 5 van de wet van 2 augustus 2002 betreffende de bestrijding van betalingsachterstand bij handelstransacties, tenzij anders bepaald. Daarenboven wordt het openstaand bedrag verhoogd met een schadevergoeding van 10% van het openstaand bedrag (met minimum 75 EUR), tenzij anders bepaald. De Verkoper kan ook aanspraak maken op een schadeloosstelling voor alle andere invorderingskosten die ontstaan zijn door de laattijdige betaling.<\/p>\n<p>3.7.2. Bij gehele of gedeeltelijke wanbetaling op de vervaldag wordt \u2013 indien de Klant een consument (B2C) is in de zin van art. I.1.2\u00b0 van het Wetboek van Economisch recht \u2013 het openstaand bedrag verhoogd met een intrest overeenkomstig art. 5 van de wet van 2 augustus 2002 betreffende de bestrijding van betalingsachterstand bij handelstransacties met inachtneming van de bepalingen van boek XIX van het Wetboek van Economisch recht. Daarenboven wordt het openstaand bedrag verhoogd met a) als het verschuldigde saldo is lager dan of gelijk aan 150 EUR: 20 EUR; b) als het verschuldigde saldo is tussen 150,01 en 500 EUR: 30 euro, vermeerderd met 10 % van het verschuldigde bedrag op de schijf tussen 150,01 en 500 EUR; c) als het verschuldigde saldo is hoger dan 500 EUR: 65 EUR, vermeerderd met 5 % van het verschuldigde bedrag op de schijf boven de 500,01 EUR met een maximum van 2.000 EUR. met inachtneming van de bepalingen van boek XIX van het Wetboek van Economisch recht.<\/p>\n<p>3.7.3. Bij gehele of gedeeltelijke wanbetaling op de vervaldag wordt \u2013 indien de Klant een overheidsinstantie (B2G) is \u2013 het openstaand bedrag automatisch en zonder voorafgaande ingebrekestelling verhoogd met een interest als volgt:<\/p>\n<ul>\n<li>Voor overheidsopdrachten gesloten vanaf 16\/03\/2013 zijn de verwijlintresten geregeld in artikel 69 van het koninklijk besluit van 14 januari 2013 tot bepaling van de algemene uitvoeringsregels van de overheidsopdrachten (AUR).<\/li>\n<li>Voor overheidsopdrachten gegund vanaf 8\/08\/2002 tot 15\/03\/2013 en die onderworpen zijn aan de Algemene Aannemingsvoorwaarden (AAV), vastgesteld bij koninklijk besluit van 26\/09\/1996 houdende de algemene uitvoeringsregels voor overheidsopdrachten, zijn de verwijlintresten onderworpen aan artikel 15, \u00a74 van de AAV zoals gewijzigd door koninklijk besluit van 17\/12\/2002. Wanneer de overheidsopdracht niet aan de AAV zijn onderworpen, dan geldt de wet van 2 augustus 2002 betreffende de bestrijding van de betalingsachterstand bij handelstransacties.<\/li>\n<li>Voor overheidsopdrachten gegund v\u00f3\u00f3r 8 augustus 2002 en aangekondigd vanaf 1 januari 1981, waarvoor de uitvoering uitdrukkelijk onder artikel 15, \u00a74 van het Ministerieel Besluit van 10 augustus 1977 valt, gelden de verwijlintresten zoals (semi)jaarlijks vastgesteld in de offici\u00eble federale berichten.<\/li>\n<\/ul>\n<p>Naast voormelde verwijlintresten heeft de Verkoper automatisch en zonder ingebrekestelling recht op de<br \/>\nbetaling van een forfaitaire vergoeding van 40 EUR. De Verkoper kan ook aanspraak maken op een schadeloosstelling voor alle andere invorderingskosten die ontstaan zijn door de laattijdige betaling.<\/p>\n<p>3.8. Verkoper kan, in geval van gehele of gedeeltelijke wanbetaling, lopende leveringen en\/of diensten<br \/>\nopschorten tot volledige betaling van hoofdsom, intresten en schadevergoeding, onverminderd elk ander<br \/>\nwettelijk of contractueel verhaal. Bij laattijdige betaling van een factuur worden alle betalingsverplichtingen van Klant, ongeacht of Verkoper al heeft gefactureerd, onmiddellijk en integraal opeisbaar.<\/p>\n<p>3.9. Verkoper kan &#8211; op eerste verzoek &#8211; vragen van Klant een bankgarantie of andere waarborg te verstrekken.<\/p>\n<p>3.10. Een betaling geldt als ontvangen zodra de bankrekening van Verkoper met het verschuldigde bedrag gecrediteerd is.<\/p>\n<p>3.11. Elke betaling strekt eerst in mindering van de kosten, daarna van de verschenen interest en tenslotte van de oudste facturen en lopende interest, ook indien Klant een andere volgorde voor toerekening aanwijst.<\/p>\n<p>3.12. Verkoper kan de gehele prijs meteen opeisen, of de Overeenkomst ontbinden bij faillissement van Klant of opening van gerechtelijke reorganisatie, beslag op diens bedrijfseigendommen, beslag op goederen bestemd voor uitvoering van de Overeenkomst of stillegging\/vereffening van diens vennootschap.<\/p>\n<p>3.13. Klachten over een factuur dienen &#8211; om tegenstelbaar te zijn &#8211; schriftelijk te gebeuren binnen 10 dagen na factuurdatum.<\/p>\n<h4><strong>Artikel 4 \u2013 Overmacht<\/strong><\/h4>\n<p>Voor schade door overmacht gedefinieerd in Belgische rechtspraak en art. 5.226 van nieuw Burgerlijk Wetboek en door situaties die voor Verkoper bij aangaan van de Overeenkomst niet te voorzien waren is Verkoper niet aansprakelijk, bv. gebrek aan werknemers, quarantaine\/epidemie\u00ebn, natuurrampen, onderbreking van communicatiemiddelen, laattijdige of niet-nakoming door derde leveranciers. Verkoper heeft het recht om bij overmacht de uitvoering van de Overeenkomst op te schorten of te ontbinden, zonder aansprakelijkheid.<br \/>\nVerkoper mag het reeds uitgevoerde deel van de Overeenkomst factureren aan Klant. Als Verkoper dat tijdelijk opgeschort deel later toch uitvoert, is Klant zonder enige korting het volledige bedrag verschuldigd.<\/p>\n<h4><strong>Artikel 5 \u2013 Schade en aansprakelijkheid<\/strong><\/h4>\n<p>5.1. Verkoper is niet aansprakelijk voor schade door termijnoverschrijding, noch gevolgschade, incl. doch niet beperkt, schade door gederfde winst en aan Klant opgelegde boetes, bedrijfsschade en immateri\u00eble schade.<\/p>\n<p>5.2. Verkoper is niet gehouden tot schadevergoeding, die de normale factuurwaarde van de producten en\/of diensten, ten aanzien waarvan de schadevergoeding wordt gevorderd, te boven gaat.<\/p>\n<p>5.3. Verkoper is niet aansprakelijk voor niet-uitvoering of slechte uitvoering van diensten aan Klant door toedoen van Klant of van een derde die vreemd is aan de diensten.<\/p>\n<p>5.4. Klant is bewust van de kenmerken\/grenzen van het internet. Verkoper is niet aansprakelijk voor nietuitvoering van de Bestelling, bij onbeschikbaarheid van een Website of Applicatie.<\/p>\n<p>5.5. Klant dient Verkoper te vrijwaren voor aanspraken van derden uit hoofde van onrechtmatige gedragingen van aangestelden van Klant of derden die bij de uitvoering van de Overeenkomst betrokken zijn.<\/p>\n<h4><strong>Artikel 6 \u2013 Intellectuele eigendomsrechten<\/strong><\/h4>\n<p>Door Verkoper verstrekte prijslijsten of bestanden blijven eigendom van Verkoper, ongeacht of deze aan Klant of aan derden zijn overgemaakt. Prijslijsten of bestanden zijn bestemd om enkel door Klant te worden gebruikt en mogen niet zonder voorafgaande toestemming worden verveelvoudigd of openbaar gemaakt worden.<\/p>\n<h4><strong>Artikel 7 \u2013 Wettelijke voorschriften<\/strong><\/h4>\n<p>Als na de totstandkoming van de Overeenkomst door het wijzigen of invoeren van wettelijke voorschriften de kosten van producten en\/of diensten hoger worden dan die welke golden op datum van offerte van Verkoper, zullen de meerdere, met de producten en\/of diensten verband houdende kosten, worden verrekend.<\/p>\n<h4><strong>Artikel 8 \u2013 Privacy &#8211; Persoonsgegevens<\/strong><\/h4>\n<p>In kader van de activiteiten van Verkoper kunnen persoonsgegevens worden verwerkt. Het doel is de levering van producten en\/of diensten waardoor het nodig is om sommige persoonsgegevens, zoals, niet-limitatief, naam en (e-mail)adres, te verwerken. Klant zorgt ervoor dat zijn persoonsgegevens en documenten die hem worden opgevraagd correct zijn en dient deze bij wijziging bij te werken. De bepalingen van het privacybeleid van Verkoper, op de Website van Verkoper, zijn van toepassing op de AVV.<\/p>\n<h4><strong>Artikel 9 \u2013 Verbreking &#8211; Overdracht<\/strong><\/h4>\n<p>9.1. De Overeenkomst kan door Verkoper van rechtswege worden be\u00ebindigd 10 dagen na versturen van<br \/>\ningebrekestelling waarin Klant wordt uitgenodigd zijn situatie, die zonder resultaat is gebleven, te regulariseren, bij niet-naleving door Klant van zijn contractuele verplichtingen. Bij be\u00ebindiging van de Overeenkomst, is Klant aansprakelijk voor het volledige bedrag dat hij nog verschuldigd is uit hoofde van de Overeenkomst en kan Verkoper elk reeds ontvangen bedrag inhouden. Be\u00ebindiging leidt tot deactivering van toegangsmiddelen.<\/p>\n<p>9.2. De Klant mag zijn contractuele rechten en verplichtingen niet geheel of gedeeltelijk overdragen.<\/p>\n<h4><strong>Artikel 10 \u2013 Vraag tot informatie<\/strong><\/h4>\n<p>Vragen om informatie en klachten moeten geformuleerd worden: (i) of op de Website, rubriek \u201cContacteer ons\u201d (ii) of op de Applicatie rubriek \u201ceen probleem melden\u201d (iii) of via e-mail aan de klantendienst op<a href=\"mailto:customerservice.be@group-indigo.com\"> customerservice.be@group-indigo.com<\/a>, (iv) of per post aan de klantendienst te 9051 Sint-Denijs-Westrem, Bijenstraat 21.<\/p>\n<h4><strong>Artikel 11 \u2013 Diverse bepalingen<\/strong><\/h4>\n<p>11.1. De AVV zijn van toepassing op elke Bestelling die vanaf die dag wordt geplaatst. Deze versie van AVV vervangt alle vroegere versies. Verkoper behoudt zich het recht voor de AVV op ieder ogenblik, zonder voorafgaande kennisgeving te wijzigen, met dien verstande dat wijzigingen niet van toepassing zijn op Bestellingen geplaatst v\u00f3\u00f3r de wijzigingen.<\/p>\n<p>11.2. Elke bepaling van de AVV die door een rechtbank nietig wordt verklaard, heeft geen uitwerking meer. De nietigheid van een bepaling laat andere bepalingen of hun rechtsgevolgen onverlet. Verkoper zal de nietig verklaarde bepaling vervangen door een bepaling met gelijkwaardig effect.<\/p>\n<p>11.3. Dat Verkoper zich op een bepaald moment niet beroept op een bepaling van de AVV kan niet aanzien worden als afstand door Verkoper van haar recht om zich later op gelijk welke van die bepalingen te beroepen.<\/p>\n<p>11.4. Verkoper garandeert niet dat de Website en enige Applicatie vrij zijn van storingen, noch dat de Website en enige Applicatie compatibel is met hardware\/configuratie van Klant. Verkoper is niet verantwoordelijk voor storingen door software van derden noch voor (im)materiele schade (incl. winstderving of verlies van kansen\u2026) die voortvloeit uit het gebruik van de Website of enige Applicatie of gehele of gedeeltelijke onmogelijkheid om die te gebruiken. De Website of enige Applicatie kan links bevatten naar externe websites\/bronnen. In zoverre Verkoper geen controle heeft over externe websites\/bronnen, is hij niet verantwoordelijk voor de terbeschikkingstelling ervan, en wijst hij alle verantwoordelijkheid af voor de inhoud ervan.<\/p>\n<p>11.5. Vorderingsrechten van Klant jegens Verkoper verjaren uiterlijk na verloop van 1 jaar na ontstaan ervan.<\/p>\n<p>11.6. Partijen sluiten, in zoverre wettelijk mogelijk, onder meer andere aansprakelijkheid uit dan diegene<br \/>\nvoorzien in tussen hen gesloten overeenkomst(en), zodat Partijen elkaar en\/of hun respectievelijke<br \/>\nvertegenwoordigers en\/of hulppersonen (onder meer bestuurders en werknemers), niet buitencontractueel kunnen aanspreken en\/of betrekken bij geschillen over de totstandkoming, uitvoering, interpretatie of be\u00ebindiging van tussen hen gesloten overeenkomsten. Onverminderd het voorgaande, erkennen en verklaren Partijen in het algemeen dat zij, in zoverre wettelijk mogelijk, enkel elkaar en niet hun respectievelijke vertegenwoordigers of hulppersonen (onder meer bestuurders en werknemers), kunnen aanspreken, in het kader van de totstandkoming, uitvoering of be\u00ebindiging van tussen hen gesloten overeenkomst(en). De toepassing van artikel 6.3\u00a72 van het Boek 6 van het BW wordt expliciet uitgesloten, in zoverre wettelijk toegelaten.<\/p>\n<h4><strong>Artikel 12 \u2013 Toepasselijk recht &#8211; Bevoegde rechtbank<\/strong><\/h4>\n<p>12.1. Op de AVV is uitsluitend het Belgische recht van toepassing.<\/p>\n<p>12.2. Geschillen die tussen Verkoper en Klant mochten ontstaan en niet op minnelijke wijze kunnen opgelost worden, zullen zo nodig aan de bevoegde Belgische rechtbanken van Gent, afdeling Gent worden voorgelegd.<\/p>\n\t\t<\/div>\n\t<\/div>\n<\/section>","protected":false},"excerpt":{"rendered":"","protected":false},"author":22,"featured_media":0,"parent":0,"menu_order":0,"comment_status":"closed","ping_status":"closed","template":"","meta":{"_acf_changed":false,"inline_featured_image":false,"footnotes":""},"class_list":["post-1350","page","type-page","status-publish","hentry"],"acf":[],"yoast_head":"<!-- This site is optimized with the Yoast SEO plugin v27.2 - https:\/\/yoast.com\/product\/yoast-seo-wordpress\/ -->\n<title>Verkoopsvoorwaarden - Indigo Belgique<\/title>\n<meta name=\"robots\" content=\"index, follow, max-snippet:-1, max-image-preview:large, max-video-preview:-1\" \/>\n<link rel=\"canonical\" href=\"https:\/\/www.park-indigo.be\/nl\/avv\/\" \/>\n<meta property=\"og:locale\" content=\"nl_NL\" \/>\n<meta property=\"og:type\" content=\"article\" \/>\n<meta property=\"og:title\" content=\"Verkoopsvoorwaarden - Indigo Belgique\" \/>\n<meta property=\"og:url\" content=\"https:\/\/www.park-indigo.be\/nl\/avv\/\" \/>\n<meta property=\"og:site_name\" content=\"Indigo Belgique\" \/>\n<meta property=\"article:modified_time\" content=\"2026-04-10T12:53:30+00:00\" \/>\n<meta name=\"twitter:card\" content=\"summary_large_image\" \/>\n<meta name=\"twitter:label1\" content=\"Geschatte leestijd\" \/>\n\t<meta name=\"twitter:data1\" content=\"12 minuten\" \/>\n<script type=\"application\/ld+json\" class=\"yoast-schema-graph\">{\"@context\":\"https:\/\/schema.org\",\"@graph\":[{\"@type\":\"WebPage\",\"@id\":\"https:\/\/www.park-indigo.be\/nl\/avv\/\",\"url\":\"https:\/\/www.park-indigo.be\/nl\/avv\/\",\"name\":\"Verkoopsvoorwaarden - Indigo Belgique\",\"isPartOf\":{\"@id\":\"https:\/\/www.park-indigo.be\/nl\/#website\"},\"datePublished\":\"2026-04-10T12:43:13+00:00\",\"dateModified\":\"2026-04-10T12:53:30+00:00\",\"breadcrumb\":{\"@id\":\"https:\/\/www.park-indigo.be\/nl\/avv\/#breadcrumb\"},\"inLanguage\":\"nl-NL\",\"potentialAction\":[{\"@type\":\"ReadAction\",\"target\":[\"https:\/\/www.park-indigo.be\/nl\/avv\/\"]}]},{\"@type\":\"BreadcrumbList\",\"@id\":\"https:\/\/www.park-indigo.be\/nl\/avv\/#breadcrumb\",\"itemListElement\":[{\"@type\":\"ListItem\",\"position\":1,\"name\":\"Startpagina\",\"item\":\"https:\/\/www.park-indigo.be\/nl\/\"},{\"@type\":\"ListItem\",\"position\":2,\"name\":\"Verkoopsvoorwaarden\"}]},{\"@type\":\"WebSite\",\"@id\":\"https:\/\/www.park-indigo.be\/nl\/#website\",\"url\":\"https:\/\/www.park-indigo.be\/nl\/\",\"name\":\"Indigo Belgique\",\"description\":\"\",\"publisher\":{\"@id\":\"https:\/\/www.park-indigo.be\/nl\/#organization\"},\"potentialAction\":[{\"@type\":\"SearchAction\",\"target\":{\"@type\":\"EntryPoint\",\"urlTemplate\":\"https:\/\/www.park-indigo.be\/nl\/?s={search_term_string}\"},\"query-input\":{\"@type\":\"PropertyValueSpecification\",\"valueRequired\":true,\"valueName\":\"search_term_string\"}}],\"inLanguage\":\"nl-NL\"},{\"@type\":\"Organization\",\"@id\":\"https:\/\/www.park-indigo.be\/nl\/#organization\",\"name\":\"Indigo Belgique\",\"url\":\"https:\/\/www.park-indigo.be\/nl\/\",\"logo\":{\"@type\":\"ImageObject\",\"inLanguage\":\"nl-NL\",\"@id\":\"https:\/\/www.park-indigo.be\/nl\/#\/schema\/logo\/image\/\",\"url\":\"https:\/\/www.park-indigo.be\/wp-content\/uploads\/sites\/2\/2025\/01\/login-logo.svg\",\"contentUrl\":\"https:\/\/www.park-indigo.be\/wp-content\/uploads\/sites\/2\/2025\/01\/login-logo.svg\",\"width\":223,\"height\":49,\"caption\":\"Indigo Belgique\"},\"image\":{\"@id\":\"https:\/\/www.park-indigo.be\/nl\/#\/schema\/logo\/image\/\"}}]}<\/script>\n<!-- \/ Yoast SEO plugin. -->","yoast_head_json":{"title":"Verkoopsvoorwaarden - Indigo Belgique","robots":{"index":"index","follow":"follow","max-snippet":"max-snippet:-1","max-image-preview":"max-image-preview:large","max-video-preview":"max-video-preview:-1"},"canonical":"https:\/\/www.park-indigo.be\/nl\/avv\/","og_locale":"nl_NL","og_type":"article","og_title":"Verkoopsvoorwaarden - Indigo Belgique","og_url":"https:\/\/www.park-indigo.be\/nl\/avv\/","og_site_name":"Indigo Belgique","article_modified_time":"2026-04-10T12:53:30+00:00","twitter_card":"summary_large_image","twitter_misc":{"Geschatte leestijd":"12 minuten"},"schema":{"@context":"https:\/\/schema.org","@graph":[{"@type":"WebPage","@id":"https:\/\/www.park-indigo.be\/nl\/avv\/","url":"https:\/\/www.park-indigo.be\/nl\/avv\/","name":"Verkoopsvoorwaarden - Indigo Belgique","isPartOf":{"@id":"https:\/\/www.park-indigo.be\/nl\/#website"},"datePublished":"2026-04-10T12:43:13+00:00","dateModified":"2026-04-10T12:53:30+00:00","breadcrumb":{"@id":"https:\/\/www.park-indigo.be\/nl\/avv\/#breadcrumb"},"inLanguage":"nl-NL","potentialAction":[{"@type":"ReadAction","target":["https:\/\/www.park-indigo.be\/nl\/avv\/"]}]},{"@type":"BreadcrumbList","@id":"https:\/\/www.park-indigo.be\/nl\/avv\/#breadcrumb","itemListElement":[{"@type":"ListItem","position":1,"name":"Startpagina","item":"https:\/\/www.park-indigo.be\/nl\/"},{"@type":"ListItem","position":2,"name":"Verkoopsvoorwaarden"}]},{"@type":"WebSite","@id":"https:\/\/www.park-indigo.be\/nl\/#website","url":"https:\/\/www.park-indigo.be\/nl\/","name":"Indigo Belgique","description":"","publisher":{"@id":"https:\/\/www.park-indigo.be\/nl\/#organization"},"potentialAction":[{"@type":"SearchAction","target":{"@type":"EntryPoint","urlTemplate":"https:\/\/www.park-indigo.be\/nl\/?s={search_term_string}"},"query-input":{"@type":"PropertyValueSpecification","valueRequired":true,"valueName":"search_term_string"}}],"inLanguage":"nl-NL"},{"@type":"Organization","@id":"https:\/\/www.park-indigo.be\/nl\/#organization","name":"Indigo Belgique","url":"https:\/\/www.park-indigo.be\/nl\/","logo":{"@type":"ImageObject","inLanguage":"nl-NL","@id":"https:\/\/www.park-indigo.be\/nl\/#\/schema\/logo\/image\/","url":"https:\/\/www.park-indigo.be\/wp-content\/uploads\/sites\/2\/2025\/01\/login-logo.svg","contentUrl":"https:\/\/www.park-indigo.be\/wp-content\/uploads\/sites\/2\/2025\/01\/login-logo.svg","width":223,"height":49,"caption":"Indigo Belgique"},"image":{"@id":"https:\/\/www.park-indigo.be\/nl\/#\/schema\/logo\/image\/"}}]}},"_links":{"self":[{"href":"https:\/\/www.park-indigo.be\/nl\/wp-json\/wp\/v2\/pages\/1350","targetHints":{"allow":["GET"]}}],"collection":[{"href":"https:\/\/www.park-indigo.be\/nl\/wp-json\/wp\/v2\/pages"}],"about":[{"href":"https:\/\/www.park-indigo.be\/nl\/wp-json\/wp\/v2\/types\/page"}],"author":[{"embeddable":true,"href":"https:\/\/www.park-indigo.be\/nl\/wp-json\/wp\/v2\/users\/22"}],"replies":[{"embeddable":true,"href":"https:\/\/www.park-indigo.be\/nl\/wp-json\/wp\/v2\/comments?post=1350"}],"version-history":[{"count":10,"href":"https:\/\/www.park-indigo.be\/nl\/wp-json\/wp\/v2\/pages\/1350\/revisions"}],"predecessor-version":[{"id":1364,"href":"https:\/\/www.park-indigo.be\/nl\/wp-json\/wp\/v2\/pages\/1350\/revisions\/1364"}],"wp:attachment":[{"href":"https:\/\/www.park-indigo.be\/nl\/wp-json\/wp\/v2\/media?parent=1350"}],"curies":[{"name":"wp","href":"https:\/\/api.w.org\/{rel}","templated":true}]}}